{"id":763,"date":"2023-01-17T05:51:17","date_gmt":"2023-01-17T05:51:17","guid":{"rendered":"https:\/\/mare-nautica.com\/kontakt\/"},"modified":"2024-01-03T09:03:31","modified_gmt":"2024-01-03T09:03:31","slug":"kontakt","status":"publish","type":"page","link":"https:\/\/mare-nautica.com\/de\/kontakt\/","title":{"rendered":"KONTAKT"},"content":{"rendered":"<!--themify_builder_content-->\n<div id=\"themify_builder_content-763\" data-postid=\"763\" class=\"themify_builder_content themify_builder_content-763 themify_builder tf_clear\">\n    \t\t\t<!-- module_row -->\n\t<div  data-lazy=\"1\" class=\"module_row themify_builder_row tb_w5m4652 tb_first tf_w tf_clearfix\">\n\t    <div class=\"builder_row_cover tf_abs\"><\/div>\t\t\t<div class=\"row_inner col_align_top tb_col_count_1 tf_box tf_rel\">\n\t\t            <div  data-lazy=\"1\" class=\"module_column tb-column col-full tb_jzn8652 first\">\n                                                        <div class=\"tb-column-inner tf_box tf_w\">\n                        <!-- module text -->\n<div  class=\"module module-text tb_x41060   \" data-lazy=\"1\">\n        <div  class=\"tb_text_wrap\">\n    <h1 style=\"text-align: center;\"><em>KONTAKT<\/em><\/h1>    <\/div>\n<\/div>\n<!-- \/module text -->                    <\/div>\n                            <\/div>\n            \t    <\/div>\n\t    <!-- \/row_inner -->\n\t<\/div>\n\t<!-- \/module_row -->\n\t\t\t\t<!-- module_row -->\n\t<div  data-lazy=\"1\" class=\"module_row themify_builder_row tb_e9v0498 tf_w tf_clearfix\">\n\t    \t\t\t<div class=\"row_inner col_align_top tb_col_count_1 tf_box tf_rel\">\n\t\t            <div  data-lazy=\"1\" class=\"module_column tb-column col-full tb_82ql498 first\">\n                                                        <div class=\"tb-column-inner tf_box tf_w\">\n                        <!-- module text -->\n<div  class=\"module module-text tb_z3d6606   \" data-lazy=\"1\">\n        <div  class=\"tb_text_wrap\">\n    <p style=\"text-align: center;\">Sie k\u00f6nnen Kapit\u00e4n Marko \u00fcber das nachstehende Formular erreichen oder eine E-Mail an<\/p>\n<p style=\"text-align: center;\">  info@mare-nautica.com. Ich freue mich darauf, einen Tag mit dir auf unserem Boot zu verbringen \ud83d\ude42 .  <br><br>Marko ist auch \u00fcber Whatsapp erreichbar +385993330211<\/p>    <\/div>\n<\/div>\n<!-- \/module text -->                    <\/div>\n                            <\/div>\n            \t    <\/div>\n\t    <!-- \/row_inner -->\n\t<\/div>\n\t<!-- \/module_row -->\n\t\t\t\t<!-- module_row -->\n\t<div  data-lazy=\"1\" class=\"module_row themify_builder_row tb_06m7786 tf_w tf_clearfix\">\n\t    \t\t\t<div class=\"row_inner col_align_top tb_col_count_1 tf_box tf_rel\">\n\t\t            <div  data-lazy=\"1\" class=\"module_column tb-column col-full tb_pg7j787 first\">\n                                                        <div class=\"tb-column-inner tf_box tf_w\">\n                        <!-- module plain text -->\n<div  class=\"module module-plain-text tb_uztz613 \" data-lazy=\"1\">\n        <div class=\"tb_text_wrap\">\n\t<div class=\"wpforms-container wpforms-container-full\" id=\"wpforms-467\"><form id=\"wpforms-form-467\" class=\"wpforms-validate wpforms-form wpforms-ajax-form\" data-formid=\"467\" method=\"post\" enctype=\"multipart\/form-data\" action=\"\/de\/wp-json\/wp\/v2\/pages\/763\" data-token=\"4940b8751095992e42e8f764542bdbbd\" data-token-time=\"1776575964\"><noscript class=\"wpforms-error-noscript\">Bitte aktiviere JavaScript in deinem Browser, um dieses Formular fertigzustellen.<\/noscript><div class=\"wpforms-field-container\"><div id=\"wpforms-467-field_1-container\" class=\"wpforms-field wpforms-field-name\" data-field-id=\"1\"><label class=\"wpforms-field-label\" for=\"wpforms-467-field_1\">Name <span class=\"wpforms-required-label\">*<\/span><\/label><input type=\"text\" id=\"wpforms-467-field_1\" class=\"wpforms-field-medium wpforms-field-required\" name=\"wpforms[fields][1]\" placeholder=\"Vor- und Nachname\" required><\/div><div id=\"wpforms-467-field_2-container\" class=\"wpforms-field wpforms-field-email\" data-field-id=\"2\"><label class=\"wpforms-field-label\" for=\"wpforms-467-field_2\">E-Mail <span class=\"wpforms-required-label\">*<\/span><\/label><input type=\"email\" id=\"wpforms-467-field_2\" class=\"wpforms-field-medium wpforms-field-required\" name=\"wpforms[fields][2]\" placeholder=\"Ihre eMail\" spellcheck=\"false\" required><\/div><div id=\"wpforms-467-field_3-container\" class=\"wpforms-field wpforms-field-select wpforms-field-select-style-classic\" data-field-id=\"3\"><label class=\"wpforms-field-label\" for=\"wpforms-467-field_3\">Bootstour Typ <span class=\"wpforms-required-label\">*<\/span><\/label><select id=\"wpforms-467-field_3\" class=\"wpforms-field-medium wpforms-field-required\" name=\"wpforms[fields][3]\" required=\"required\"><option value=\"6h Medulin und Kamenjak\"  class=\"choice-1 depth-1\"  >6h Medulin und Kamenjak<\/option><option value=\"4h Medulin und Kamenjak  \"  class=\"choice-2 depth-1\"  >4h Medulin und Kamenjak<\/option><option value=\"3h Tour bei Sonnenuntergang\"  class=\"choice-3 depth-1\"  >3h Tour bei Sonnenuntergang<\/option><option value=\"Benutzerdefiniert\"  class=\"choice-6 depth-1\"  >Benutzerdefiniert<\/option><\/select><\/div><div id=\"wpforms-467-field_4-container\" class=\"wpforms-field wpforms-field-text wpforms-one-half wpforms-first\" data-field-id=\"4\"><label class=\"wpforms-field-label\" for=\"wpforms-467-field_4\">Datum <span class=\"wpforms-required-label\">*<\/span><\/label><input type=\"text\" id=\"wpforms-467-field_4\" class=\"wpforms-field-medium wpforms-field-required\" name=\"wpforms[fields][4]\" placeholder=\"Ungef\u00e4hres Datum, Woche oder Monat\" required><\/div><div id=\"wpforms-467-field_6-container\" class=\"wpforms-field wpforms-field-select wpforms-one-half wpforms-field-select-style-classic\" data-field-id=\"6\"><label class=\"wpforms-field-label\" for=\"wpforms-467-field_6\">N. von Personen <span class=\"wpforms-required-label\">*<\/span><\/label><select id=\"wpforms-467-field_6\" class=\"wpforms-field-medium wpforms-field-required\" name=\"wpforms[fields][6]\" required=\"required\"><option value=\"\" class=\"placeholder\" disabled  selected='selected'>1-10<\/option><option value=\"1\"  class=\"choice-1 depth-1\"  >1<\/option><option value=\"2\"  class=\"choice-2 depth-1\"  >2<\/option><option value=\"3\"  class=\"choice-3 depth-1\"  >3<\/option><option value=\"4\"  class=\"choice-8 depth-1\"  >4<\/option><option value=\"5\"  class=\"choice-7 depth-1\"  >5<\/option><option value=\"6\"  class=\"choice-6 depth-1\"  >6<\/option><option value=\"7\"  class=\"choice-5 depth-1\"  >7<\/option><option value=\"8\"  class=\"choice-4 depth-1\"  >8<\/option><option value=\"9\"  class=\"choice-9 depth-1\"  >9<\/option><option value=\"10\"  class=\"choice-10 depth-1\"  >10<\/option><\/select><\/div><div id=\"wpforms-467-field_10-container\" class=\"wpforms-field wpforms-field-checkbox\" data-field-id=\"10\"><label class=\"wpforms-field-label\">Extras<\/label><ul id=\"wpforms-467-field_10\"><li class=\"choice-1 depth-1\"><input type=\"checkbox\" id=\"wpforms-467-field_10_1\" name=\"wpforms[fields][10][]\" value=\"Istrisches Men\u00fc 17\u20ac pro Person\"  ><label class=\"wpforms-field-label-inline\" for=\"wpforms-467-field_10_1\">Istrisches Men\u00fc 17\u20ac pro Person<\/label><\/li><li class=\"choice-2 depth-1\"><input type=\"checkbox\" id=\"wpforms-467-field_10_2\" name=\"wpforms[fields][10][]\" value=\"Veganes Men\u00fc - 25\u20ac pro Person\"  ><label class=\"wpforms-field-label-inline\" for=\"wpforms-467-field_10_2\">Veganes Men\u00fc - 25\u20ac pro Person<\/label><\/li><li class=\"choice-3 depth-1\"><input type=\"checkbox\" id=\"wpforms-467-field_10_3\" name=\"wpforms[fields][10][]\" value=\"Alkoholische Getr\u00e4nke - 18\u20ac pro Person\"  ><label class=\"wpforms-field-label-inline\" for=\"wpforms-467-field_10_3\">Alkoholische Getr\u00e4nke - 18\u20ac pro Person<\/label><\/li><li class=\"choice-6 depth-1\"><input type=\"checkbox\" id=\"wpforms-467-field_10_6\" name=\"wpforms[fields][10][]\" value=\"Starke alkoholische Getr\u00e4nke - 30\u20ac pro Person\"  ><label class=\"wpforms-field-label-inline\" for=\"wpforms-467-field_10_6\">Starke alkoholische Getr\u00e4nke - 30\u20ac pro Person<\/label><\/li><li class=\"choice-5 depth-1\"><input type=\"checkbox\" id=\"wpforms-467-field_10_5\" name=\"wpforms[fields][10][]\" value=\"Tabak Zigarren - 20\u20ac pro Person\"  ><label class=\"wpforms-field-label-inline\" for=\"wpforms-467-field_10_5\">Tabak Zigarren - 20\u20ac pro Person<\/label><\/li><\/ul><div class=\"wpforms-field-description\">*Kinder z\u00e4hlen nicht zu den zus\u00e4tzlichen Kosten<\/div><\/div><div id=\"wpforms-467-field_8-container\" class=\"wpforms-field wpforms-field-textarea\" data-field-id=\"8\"><label class=\"wpforms-field-label\" for=\"wpforms-467-field_8\">Ihre Nachricht <span class=\"wpforms-required-label\">*<\/span><\/label><textarea id=\"wpforms-467-field_8\" class=\"wpforms-field-medium wpforms-field-required\" name=\"wpforms[fields][8]\" required><\/textarea><\/div><\/div><!-- .wpforms-field-container --><div class=\"wpforms-recaptcha-container wpforms-is-recaptcha wpforms-is-recaptcha-type-v2\" ><div class=\"g-recaptcha\" data-sitekey=\"6LczKDgpAAAAAPojRcw8GXfW46wTbrGnPcf4bS7d\"><\/div><input type=\"text\" name=\"g-recaptcha-hidden\" class=\"wpforms-recaptcha-hidden\" style=\"position:absolute!important;clip:rect(0,0,0,0)!important;height:1px!important;width:1px!important;border:0!important;overflow:hidden!important;padding:0!important;margin:0!important;\" data-rule-recaptcha=\"1\"><\/div><div class=\"wpforms-submit-container\" ><input type=\"hidden\" name=\"wpforms[id]\" value=\"467\"><input type=\"hidden\" name=\"page_title\" value=\"\"><input type=\"hidden\" name=\"page_url\" value=\"https:\/\/mare-nautica.com\/de\/wp-json\/wp\/v2\/pages\/763\"><input type=\"hidden\" name=\"url_referer\" value=\"\"><button type=\"submit\" name=\"wpforms[submit]\" id=\"wpforms-submit-467\" class=\"wpforms-submit\" data-alt-text=\"Senden Sie...\" data-submit-text=\"Verf\u00fcgbarkeit anfragen  \" aria-live=\"assertive\" value=\"wpforms-submit\">Verf\u00fcgbarkeit anfragen  <\/button><img loading=\"lazy\" decoding=\"async\" src=\"https:\/\/mare-nautica.com\/wp-content\/plugins\/wpforms-lite\/assets\/images\/submit-spin.svg\" class=\"wpforms-submit-spinner\" style=\"display: none;\" width=\"26\" height=\"26\" alt=\"Wird geladen\"><\/div><\/form><\/div>  <!-- .wpforms-container -->    <\/div>\n<\/div>\n<!-- \/module plain text -->                    <\/div>\n                            <\/div>\n            \t    <\/div>\n\t    <!-- \/row_inner -->\n\t<\/div>\n\t<!-- \/module_row -->\n\t<\/div>\n<!--\/themify_builder_content-->","protected":false},"excerpt":{"rendered":"<p>CONTACT You can reach capt. Marko using the form below, or by sending an email to \u00a0info@mare-nautica.com. I\u2019m looking forward to spend a day with you on our boat \ud83d\ude42\u00a0 Marko is also available on Whatsapp +385993330211<\/p>\n","protected":false},"author":1,"featured_media":0,"parent":0,"menu_order":0,"comment_status":"closed","ping_status":"closed","template":"","meta":{"inline_featured_image":false,"_monsterinsights_skip_tracking":false,"_monsterinsights_sitenote_active":false,"_monsterinsights_sitenote_note":"","_monsterinsights_sitenote_category":0,"footnotes":""},"class_list":["post-763","page","type-page","status-publish","hentry","has-post-title","has-post-date","has-post-category","has-post-tag","has-post-comment","has-post-author",""],"yoast_head":"<!-- This site is optimized with the Yoast SEO Premium plugin v27.3 (Yoast SEO v27.3) - https:\/\/yoast.com\/product\/yoast-seo-premium-wordpress\/ -->\n<title>KONTAKT -<\/title>\n<meta name=\"robots\" content=\"index, follow, max-snippet:-1, max-image-preview:large, max-video-preview:-1\" \/>\n<link rel=\"canonical\" href=\"https:\/\/mare-nautica.com\/de\/kontakt\/\" \/>\n<meta property=\"og:locale\" content=\"de_DE\" \/>\n<meta property=\"og:type\" content=\"article\" \/>\n<meta property=\"og:title\" content=\"KONTAKT\" \/>\n<meta property=\"og:description\" content=\"CONTACT You can reach capt. Marko using the form below, or by sending an email to \u00a0info@mare-nautica.com. I\u2019m looking forward to spend a day with you on our boat \ud83d\ude42\u00a0 Marko is also available on Whatsapp +385993330211\" \/>\n<meta property=\"og:url\" content=\"https:\/\/mare-nautica.com\/de\/kontakt\/\" \/>\n<meta property=\"article:modified_time\" content=\"2024-01-03T09:03:31+00:00\" \/>\n<meta name=\"twitter:card\" content=\"summary_large_image\" \/>\n<script type=\"application\/ld+json\" class=\"yoast-schema-graph\">{\"@context\":\"https:\\\/\\\/schema.org\",\"@graph\":[{\"@type\":\"WebPage\",\"@id\":\"https:\\\/\\\/mare-nautica.com\\\/de\\\/kontakt\\\/\",\"url\":\"https:\\\/\\\/mare-nautica.com\\\/de\\\/kontakt\\\/\",\"name\":\"KONTAKT -\",\"isPartOf\":{\"@id\":\"https:\\\/\\\/mare-nautica.com\\\/de\\\/#website\"},\"datePublished\":\"2023-01-17T05:51:17+00:00\",\"dateModified\":\"2024-01-03T09:03:31+00:00\",\"breadcrumb\":{\"@id\":\"https:\\\/\\\/mare-nautica.com\\\/de\\\/kontakt\\\/#breadcrumb\"},\"inLanguage\":\"de\",\"potentialAction\":[{\"@type\":\"ReadAction\",\"target\":[\"https:\\\/\\\/mare-nautica.com\\\/de\\\/kontakt\\\/\"]}]},{\"@type\":\"BreadcrumbList\",\"@id\":\"https:\\\/\\\/mare-nautica.com\\\/de\\\/kontakt\\\/#breadcrumb\",\"itemListElement\":[{\"@type\":\"ListItem\",\"position\":1,\"name\":\"Home\",\"item\":\"https:\\\/\\\/mare-nautica.com\\\/de\\\/startseite\\\/\"},{\"@type\":\"ListItem\",\"position\":2,\"name\":\"KONTAKT\"}]},{\"@type\":\"WebSite\",\"@id\":\"https:\\\/\\\/mare-nautica.com\\\/de\\\/#website\",\"url\":\"https:\\\/\\\/mare-nautica.com\\\/de\\\/\",\"name\":\"Mare Nautica\",\"description\":\"\",\"publisher\":{\"@id\":\"https:\\\/\\\/mare-nautica.com\\\/de\\\/#organization\"},\"potentialAction\":[{\"@type\":\"SearchAction\",\"target\":{\"@type\":\"EntryPoint\",\"urlTemplate\":\"https:\\\/\\\/mare-nautica.com\\\/de\\\/?s={search_term_string}\"},\"query-input\":{\"@type\":\"PropertyValueSpecification\",\"valueRequired\":true,\"valueName\":\"search_term_string\"}}],\"inLanguage\":\"de\"},{\"@type\":\"Organization\",\"@id\":\"https:\\\/\\\/mare-nautica.com\\\/de\\\/#organization\",\"name\":\"Mare\",\"url\":\"https:\\\/\\\/mare-nautica.com\\\/de\\\/\",\"logo\":{\"@type\":\"ImageObject\",\"inLanguage\":\"de\",\"@id\":\"https:\\\/\\\/mare-nautica.com\\\/de\\\/#\\\/schema\\\/logo\\\/image\\\/\",\"url\":\"https:\\\/\\\/mare-nautica.com\\\/wp-content\\\/uploads\\\/2023\\\/01\\\/Untitled.png\",\"contentUrl\":\"https:\\\/\\\/mare-nautica.com\\\/wp-content\\\/uploads\\\/2023\\\/01\\\/Untitled.png\",\"width\":800,\"height\":800,\"caption\":\"Mare\"},\"image\":{\"@id\":\"https:\\\/\\\/mare-nautica.com\\\/de\\\/#\\\/schema\\\/logo\\\/image\\\/\"}}]}<\/script>\n<!-- \/ Yoast SEO Premium plugin. -->","yoast_head_json":{"title":"KONTAKT -","robots":{"index":"index","follow":"follow","max-snippet":"max-snippet:-1","max-image-preview":"max-image-preview:large","max-video-preview":"max-video-preview:-1"},"canonical":"https:\/\/mare-nautica.com\/de\/kontakt\/","og_locale":"de_DE","og_type":"article","og_title":"KONTAKT","og_description":"CONTACT You can reach capt. Marko using the form below, or by sending an email to \u00a0info@mare-nautica.com. I\u2019m looking forward to spend a day with you on our boat \ud83d\ude42\u00a0 Marko is also available on Whatsapp +385993330211","og_url":"https:\/\/mare-nautica.com\/de\/kontakt\/","article_modified_time":"2024-01-03T09:03:31+00:00","twitter_card":"summary_large_image","schema":{"@context":"https:\/\/schema.org","@graph":[{"@type":"WebPage","@id":"https:\/\/mare-nautica.com\/de\/kontakt\/","url":"https:\/\/mare-nautica.com\/de\/kontakt\/","name":"KONTAKT -","isPartOf":{"@id":"https:\/\/mare-nautica.com\/de\/#website"},"datePublished":"2023-01-17T05:51:17+00:00","dateModified":"2024-01-03T09:03:31+00:00","breadcrumb":{"@id":"https:\/\/mare-nautica.com\/de\/kontakt\/#breadcrumb"},"inLanguage":"de","potentialAction":[{"@type":"ReadAction","target":["https:\/\/mare-nautica.com\/de\/kontakt\/"]}]},{"@type":"BreadcrumbList","@id":"https:\/\/mare-nautica.com\/de\/kontakt\/#breadcrumb","itemListElement":[{"@type":"ListItem","position":1,"name":"Home","item":"https:\/\/mare-nautica.com\/de\/startseite\/"},{"@type":"ListItem","position":2,"name":"KONTAKT"}]},{"@type":"WebSite","@id":"https:\/\/mare-nautica.com\/de\/#website","url":"https:\/\/mare-nautica.com\/de\/","name":"Mare Nautica","description":"","publisher":{"@id":"https:\/\/mare-nautica.com\/de\/#organization"},"potentialAction":[{"@type":"SearchAction","target":{"@type":"EntryPoint","urlTemplate":"https:\/\/mare-nautica.com\/de\/?s={search_term_string}"},"query-input":{"@type":"PropertyValueSpecification","valueRequired":true,"valueName":"search_term_string"}}],"inLanguage":"de"},{"@type":"Organization","@id":"https:\/\/mare-nautica.com\/de\/#organization","name":"Mare","url":"https:\/\/mare-nautica.com\/de\/","logo":{"@type":"ImageObject","inLanguage":"de","@id":"https:\/\/mare-nautica.com\/de\/#\/schema\/logo\/image\/","url":"https:\/\/mare-nautica.com\/wp-content\/uploads\/2023\/01\/Untitled.png","contentUrl":"https:\/\/mare-nautica.com\/wp-content\/uploads\/2023\/01\/Untitled.png","width":800,"height":800,"caption":"Mare"},"image":{"@id":"https:\/\/mare-nautica.com\/de\/#\/schema\/logo\/image\/"}}]}},"builder_content":"<h1 style=\"text-align: center;\"><em>KONTAKT<\/em><\/h1>\n<p style=\"text-align: center;\">Sie k\u00f6nnen Kapit\u00e4n Marko \u00fcber das nachstehende Formular erreichen oder eine E-Mail an<\/p> <p style=\"text-align: center;\"> info@mare-nautica.com. Ich freue mich darauf, einen Tag mit dir auf unserem Boot zu verbringen \ud83d\ude42 . <br><br>Marko ist auch \u00fcber Whatsapp erreichbar +385993330211<\/p>\n[wpforms id=\"467\" title=\"falsch\"]","_links":{"self":[{"href":"https:\/\/mare-nautica.com\/de\/wp-json\/wp\/v2\/pages\/763","targetHints":{"allow":["GET"]}}],"collection":[{"href":"https:\/\/mare-nautica.com\/de\/wp-json\/wp\/v2\/pages"}],"about":[{"href":"https:\/\/mare-nautica.com\/de\/wp-json\/wp\/v2\/types\/page"}],"author":[{"embeddable":true,"href":"https:\/\/mare-nautica.com\/de\/wp-json\/wp\/v2\/users\/1"}],"replies":[{"embeddable":true,"href":"https:\/\/mare-nautica.com\/de\/wp-json\/wp\/v2\/comments?post=763"}],"version-history":[{"count":1,"href":"https:\/\/mare-nautica.com\/de\/wp-json\/wp\/v2\/pages\/763\/revisions"}],"predecessor-version":[{"id":764,"href":"https:\/\/mare-nautica.com\/de\/wp-json\/wp\/v2\/pages\/763\/revisions\/764"}],"wp:attachment":[{"href":"https:\/\/mare-nautica.com\/de\/wp-json\/wp\/v2\/media?parent=763"}],"curies":[{"name":"wp","href":"https:\/\/api.w.org\/{rel}","templated":true}]}}