{"id":759,"date":"2023-01-17T10:42:14","date_gmt":"2023-01-17T10:42:14","guid":{"rendered":"https:\/\/mare-nautica.com\/kontaktformular-erfolgreiche-seite\/"},"modified":"2024-01-03T09:03:29","modified_gmt":"2024-01-03T09:03:29","slug":"kontaktformular-erfolgreiche-seite","status":"publish","type":"page","link":"https:\/\/mare-nautica.com\/de\/kontaktformular-erfolgreiche-seite\/","title":{"rendered":"Kontaktformular erfolgreiche Seite"},"content":{"rendered":"<!--themify_builder_content-->\n<div id=\"themify_builder_content-759\" data-postid=\"759\" class=\"themify_builder_content themify_builder_content-759 themify_builder tf_clear\">\n    \t\t\t<!-- module_row -->\n\t<div  data-lazy=\"1\" class=\"module_row themify_builder_row tb_sbac454 tb_first tf_w tf_clearfix\">\n\t    \t\t\t<div class=\"row_inner col_align_top tb_col_count_1 tf_box tf_rel\">\n\t\t            <div  data-lazy=\"1\" class=\"module_column tb-column col-full tb_wii2455 first\">\n                                                <\/div>\n            \t    <\/div>\n\t    <!-- \/row_inner -->\n\t<\/div>\n\t<!-- \/module_row -->\n\t\t\t\t<!-- module_row -->\n\t<div  data-lazy=\"1\" class=\"module_row themify_builder_row tb_lx6v958 tf_w tf_clearfix\">\n\t    \t\t\t<div class=\"row_inner col_align_top tb_col_count_1 tf_box tf_rel\">\n\t\t            <div  data-lazy=\"1\" class=\"module_column tb-column col-full tb_sc7w959 first\">\n                                                        <div class=\"tb-column-inner tf_box tf_w\">\n                        <!-- module text -->\n<div  class=\"module module-text tb_8dqk730   \" data-lazy=\"1\">\n        <div  class=\"tb_text_wrap\">\n    <p style=\"text-align: center;\">Ihre E-Mail wurde erfolgreich gesendet. Kapit\u00e4n Marko wird sich so schnell wie m\u00f6glich mit Ihnen in Verbindung setzen!  <br><br>Wenn die E-Mail sehr dringend ist, versuchen Sie, ihn schneller \u00fcber sein Telefon zu erreichen +385993330211<\/p>\n<p style=\"text-align: center;\">Danke, dass Sie sich gemeldet haben \ud83d\ude09  <\/p>    <\/div>\n<\/div>\n<!-- \/module text --><!-- module buttons -->\n<div  class=\"module module-buttons tb_5fdn640 buttons-horizontal outline  large circle\" data-lazy=\"1\">\n    \t<div class=\"module-buttons-item tf_inline_b\">\n\t\t\t\t\t\t\t<a href=\"http:\/\/www.mare-nautica.com\" class=\"ui builder_button tb_default_color\" >\n\t\t\t\t\t\t\t\t\t\t\t<span class=\"tf_inline_b tf_vmiddle\">ZUR\u00dcCK ZUR HOMEPAGE<\/span>\n\t\t\t\t\t\t\t\t\t\t\t<\/a>\n\t\t\t    \t<\/div>\n    <\/div>\n<!-- \/module buttons -->\n                    <\/div>\n                            <\/div>\n            \t    <\/div>\n\t    <!-- \/row_inner -->\n\t<\/div>\n\t<!-- \/module_row -->\n\t<\/div>\n<!--\/themify_builder_content-->","protected":false},"excerpt":{"rendered":"<p>Ihre E-Mail wurde erfolgreich gesendet. Kapit\u00e4n Marko wird sich so schnell wie m\u00f6glich mit Ihnen in Verbindung setzen! Wenn die E-Mail sehr dringend ist, versuchen Sie, ihn schneller \u00fcber sein Telefon zu erreichen +385993330211 Danke, dass Sie sich gemeldet haben \ud83d\ude09<\/p>\n","protected":false},"author":1,"featured_media":0,"parent":0,"menu_order":0,"comment_status":"closed","ping_status":"closed","template":"","meta":{"inline_featured_image":false,"_monsterinsights_skip_tracking":false,"_monsterinsights_sitenote_active":false,"_monsterinsights_sitenote_note":"","_monsterinsights_sitenote_category":0,"footnotes":""},"class_list":["post-759","page","type-page","status-publish","hentry","has-post-title","has-post-date","has-post-category","has-post-tag","has-post-comment","has-post-author",""],"yoast_head":"<!-- This site is optimized with the Yoast SEO Premium plugin v22.0 (Yoast SEO v27.0) - https:\/\/yoast.com\/product\/yoast-seo-premium-wordpress\/ -->\n<title>Kontaktformular erfolgreiche Seite -<\/title>\n<meta name=\"robots\" content=\"index, follow, max-snippet:-1, max-image-preview:large, max-video-preview:-1\" \/>\n<link rel=\"canonical\" href=\"https:\/\/mare-nautica.com\/de\/kontaktformular-erfolgreiche-seite\/\" \/>\n<meta property=\"og:locale\" content=\"de_DE\" \/>\n<meta property=\"og:type\" content=\"article\" \/>\n<meta property=\"og:title\" content=\"Kontaktformular erfolgreiche Seite\" \/>\n<meta property=\"og:description\" content=\"Ihre E-Mail wurde erfolgreich gesendet. Kapit\u00e4n Marko wird sich so schnell wie m\u00f6glich mit Ihnen in Verbindung setzen! Wenn die E-Mail sehr dringend ist, versuchen Sie, ihn schneller \u00fcber sein Telefon zu erreichen +385993330211 Danke, dass Sie sich gemeldet haben \ud83d\ude09\" \/>\n<meta property=\"og:url\" content=\"https:\/\/mare-nautica.com\/de\/kontaktformular-erfolgreiche-seite\/\" \/>\n<meta property=\"article:modified_time\" content=\"2024-01-03T09:03:29+00:00\" \/>\n<meta name=\"twitter:card\" content=\"summary_large_image\" \/>\n<script type=\"application\/ld+json\" class=\"yoast-schema-graph\">{\"@context\":\"https:\/\/schema.org\",\"@graph\":[{\"@type\":\"WebPage\",\"@id\":\"https:\/\/mare-nautica.com\/de\/kontaktformular-erfolgreiche-seite\/\",\"url\":\"https:\/\/mare-nautica.com\/de\/kontaktformular-erfolgreiche-seite\/\",\"name\":\"Kontaktformular erfolgreiche Seite -\",\"isPartOf\":{\"@id\":\"https:\/\/mare-nautica.com\/de\/#website\"},\"datePublished\":\"2023-01-17T10:42:14+00:00\",\"dateModified\":\"2024-01-03T09:03:29+00:00\",\"breadcrumb\":{\"@id\":\"https:\/\/mare-nautica.com\/de\/kontaktformular-erfolgreiche-seite\/#breadcrumb\"},\"inLanguage\":\"de\",\"potentialAction\":[{\"@type\":\"ReadAction\",\"target\":[\"https:\/\/mare-nautica.com\/de\/kontaktformular-erfolgreiche-seite\/\"]}]},{\"@type\":\"BreadcrumbList\",\"@id\":\"https:\/\/mare-nautica.com\/de\/kontaktformular-erfolgreiche-seite\/#breadcrumb\",\"itemListElement\":[{\"@type\":\"ListItem\",\"position\":1,\"name\":\"Home\",\"item\":\"https:\/\/mare-nautica.com\/de\/startseite\/\"},{\"@type\":\"ListItem\",\"position\":2,\"name\":\"Kontaktformular erfolgreiche Seite\"}]},{\"@type\":\"WebSite\",\"@id\":\"https:\/\/mare-nautica.com\/de\/#website\",\"url\":\"https:\/\/mare-nautica.com\/de\/\",\"name\":\"Mare Nautica\",\"description\":\"\",\"publisher\":{\"@id\":\"https:\/\/mare-nautica.com\/de\/#organization\"},\"potentialAction\":[{\"@type\":\"SearchAction\",\"target\":{\"@type\":\"EntryPoint\",\"urlTemplate\":\"https:\/\/mare-nautica.com\/de\/?s={search_term_string}\"},\"query-input\":{\"@type\":\"PropertyValueSpecification\",\"valueRequired\":true,\"valueName\":\"search_term_string\"}}],\"inLanguage\":\"de\"},{\"@type\":\"Organization\",\"@id\":\"https:\/\/mare-nautica.com\/de\/#organization\",\"name\":\"Mare\",\"url\":\"https:\/\/mare-nautica.com\/de\/\",\"logo\":{\"@type\":\"ImageObject\",\"inLanguage\":\"de\",\"@id\":\"https:\/\/mare-nautica.com\/de\/#\/schema\/logo\/image\/\",\"url\":\"https:\/\/mare-nautica.com\/wp-content\/uploads\/2023\/01\/Untitled.png\",\"contentUrl\":\"https:\/\/mare-nautica.com\/wp-content\/uploads\/2023\/01\/Untitled.png\",\"width\":800,\"height\":800,\"caption\":\"Mare\"},\"image\":{\"@id\":\"https:\/\/mare-nautica.com\/de\/#\/schema\/logo\/image\/\"}}]}<\/script>\n<!-- \/ Yoast SEO Premium plugin. -->","yoast_head_json":{"title":"Kontaktformular erfolgreiche Seite -","robots":{"index":"index","follow":"follow","max-snippet":"max-snippet:-1","max-image-preview":"max-image-preview:large","max-video-preview":"max-video-preview:-1"},"canonical":"https:\/\/mare-nautica.com\/de\/kontaktformular-erfolgreiche-seite\/","og_locale":"de_DE","og_type":"article","og_title":"Kontaktformular erfolgreiche Seite","og_description":"Ihre E-Mail wurde erfolgreich gesendet. Kapit\u00e4n Marko wird sich so schnell wie m\u00f6glich mit Ihnen in Verbindung setzen! Wenn die E-Mail sehr dringend ist, versuchen Sie, ihn schneller \u00fcber sein Telefon zu erreichen +385993330211 Danke, dass Sie sich gemeldet haben \ud83d\ude09","og_url":"https:\/\/mare-nautica.com\/de\/kontaktformular-erfolgreiche-seite\/","article_modified_time":"2024-01-03T09:03:29+00:00","twitter_card":"summary_large_image","schema":{"@context":"https:\/\/schema.org","@graph":[{"@type":"WebPage","@id":"https:\/\/mare-nautica.com\/de\/kontaktformular-erfolgreiche-seite\/","url":"https:\/\/mare-nautica.com\/de\/kontaktformular-erfolgreiche-seite\/","name":"Kontaktformular erfolgreiche Seite -","isPartOf":{"@id":"https:\/\/mare-nautica.com\/de\/#website"},"datePublished":"2023-01-17T10:42:14+00:00","dateModified":"2024-01-03T09:03:29+00:00","breadcrumb":{"@id":"https:\/\/mare-nautica.com\/de\/kontaktformular-erfolgreiche-seite\/#breadcrumb"},"inLanguage":"de","potentialAction":[{"@type":"ReadAction","target":["https:\/\/mare-nautica.com\/de\/kontaktformular-erfolgreiche-seite\/"]}]},{"@type":"BreadcrumbList","@id":"https:\/\/mare-nautica.com\/de\/kontaktformular-erfolgreiche-seite\/#breadcrumb","itemListElement":[{"@type":"ListItem","position":1,"name":"Home","item":"https:\/\/mare-nautica.com\/de\/startseite\/"},{"@type":"ListItem","position":2,"name":"Kontaktformular erfolgreiche Seite"}]},{"@type":"WebSite","@id":"https:\/\/mare-nautica.com\/de\/#website","url":"https:\/\/mare-nautica.com\/de\/","name":"Mare Nautica","description":"","publisher":{"@id":"https:\/\/mare-nautica.com\/de\/#organization"},"potentialAction":[{"@type":"SearchAction","target":{"@type":"EntryPoint","urlTemplate":"https:\/\/mare-nautica.com\/de\/?s={search_term_string}"},"query-input":{"@type":"PropertyValueSpecification","valueRequired":true,"valueName":"search_term_string"}}],"inLanguage":"de"},{"@type":"Organization","@id":"https:\/\/mare-nautica.com\/de\/#organization","name":"Mare","url":"https:\/\/mare-nautica.com\/de\/","logo":{"@type":"ImageObject","inLanguage":"de","@id":"https:\/\/mare-nautica.com\/de\/#\/schema\/logo\/image\/","url":"https:\/\/mare-nautica.com\/wp-content\/uploads\/2023\/01\/Untitled.png","contentUrl":"https:\/\/mare-nautica.com\/wp-content\/uploads\/2023\/01\/Untitled.png","width":800,"height":800,"caption":"Mare"},"image":{"@id":"https:\/\/mare-nautica.com\/de\/#\/schema\/logo\/image\/"}}]}},"builder_content":"<p style=\"text-align: center;\">Ihre E-Mail wurde erfolgreich gesendet. Kapit\u00e4n Marko wird sich so schnell wie m\u00f6glich mit Ihnen in Verbindung setzen! <br><br>Wenn die E-Mail sehr dringend ist, versuchen Sie, ihn schneller \u00fcber sein Telefon zu erreichen +385993330211<\/p> <p style=\"text-align: center;\">Danke, dass Sie sich gemeldet haben ;) <\/p>\n<a href=\"http:\/\/www.mare-nautica.com\" > ZUR\u00dcCK ZUR HOMEPAGE <\/a>","_links":{"self":[{"href":"https:\/\/mare-nautica.com\/de\/wp-json\/wp\/v2\/pages\/759","targetHints":{"allow":["GET"]}}],"collection":[{"href":"https:\/\/mare-nautica.com\/de\/wp-json\/wp\/v2\/pages"}],"about":[{"href":"https:\/\/mare-nautica.com\/de\/wp-json\/wp\/v2\/types\/page"}],"author":[{"embeddable":true,"href":"https:\/\/mare-nautica.com\/de\/wp-json\/wp\/v2\/users\/1"}],"replies":[{"embeddable":true,"href":"https:\/\/mare-nautica.com\/de\/wp-json\/wp\/v2\/comments?post=759"}],"version-history":[{"count":1,"href":"https:\/\/mare-nautica.com\/de\/wp-json\/wp\/v2\/pages\/759\/revisions"}],"predecessor-version":[{"id":760,"href":"https:\/\/mare-nautica.com\/de\/wp-json\/wp\/v2\/pages\/759\/revisions\/760"}],"wp:attachment":[{"href":"https:\/\/mare-nautica.com\/de\/wp-json\/wp\/v2\/media?parent=759"}],"curies":[{"name":"wp","href":"https:\/\/api.w.org\/{rel}","templated":true}]}}